{"id":1536,"date":"2020-05-30T19:53:41","date_gmt":"2020-05-31T01:53:41","guid":{"rendered":"http:\/\/www.carlosdiaz.mx\/?post_type=product&#038;p=1536"},"modified":"2024-01-07T19:36:13","modified_gmt":"2024-01-08T01:36:13","slug":"amplificador-de-sonido-para-celular-incluye-mouse-pad","status":"publish","type":"product","link":"https:\/\/www.carlosdiaz.mx\/?product=amplificador-de-sonido-para-celular-incluye-mouse-pad","title":{"rendered":"Amplificador de Sonido para Celular incluye Mouse Pad"},"content":{"rendered":"<p>&nbsp;<\/p>\n<p>Compatible con Iphone, Samsung o cualquier otra marca.<\/p>\n<p>Dale un toque especial a tu \u00e1rea de trabajo o de descanso y escucha tu m\u00fasica con mejor definici\u00f3n y volumen, incluye mouse pad.<\/p>\n<p>Utiliza el principio de la resonancia para optimizar al m\u00e1ximo el sonido de tu smartphone.<\/p>\n<p>Conveniente abertura inferior para mantener tu celular conectado.<\/p>\n<p>Fabricado en chapa de encino americano.<\/p>\n<p>Precios de Mayoreo por volumen, somos fabricantes.<\/p>\n<p>Medidas producto: .20 X .13 X .21 CM<\/p>\n<p>Medidas empacado: .23X .18 X .25 CM<\/p>\n<p>Peso: 1 KG<\/p>\n","protected":false},"excerpt":{"rendered":"<p>Dale un toque especial a tu \u00e1rea de trabajo o de descanso y escucha tu m\u00fasica con mejor definici\u00f3n y volumen, incluye Mouse Pad a juego para que tengas un toque personal y de distinci\u00f3n.<\/p>\n<p>PRECIO IVA INCLUIDO<\/p>\n","protected":false},"featured_media":1537,"comment_status":"open","ping_status":"closed","template":"","meta":{"_joinchat":[]},"product_cat":[55],"product_tag":[80],"acf":[],"yoast_head":"<!-- This site is optimized with the Yoast SEO plugin v21.7 - https:\/\/yoast.com\/wordpress\/plugins\/seo\/ -->\n<title>Amplificador de Sonido para Celular incluye Mouse Pad - Carlos Diaz<\/title>\n<meta name=\"description\" content=\"Compatible con Iphone, Samsung o cualquier marca, dale un toque especial a tu espacio y disfruta tu m\u00fasica, fabricado en chapa de encino.\" \/>\n<meta name=\"robots\" content=\"index, follow, max-snippet:-1, max-image-preview:large, max-video-preview:-1\" \/>\n<link rel=\"canonical\" href=\"https:\/\/www.carlosdiaz.mx\/?product=amplificador-de-sonido-para-celular-incluye-mouse-pad\" \/>\n<meta property=\"og:locale\" content=\"es_ES\" \/>\n<meta property=\"og:type\" content=\"article\" \/>\n<meta property=\"og:title\" content=\"Amplificador de Sonido para Celular incluye Mouse Pad - Carlos Diaz\" \/>\n<meta property=\"og:description\" content=\"Compatible con Iphone, Samsung o cualquier marca, dale un toque especial a tu espacio y disfruta tu m\u00fasica, fabricado en chapa de encino.\" \/>\n<meta property=\"og:url\" content=\"https:\/\/www.carlosdiaz.mx\/?product=amplificador-de-sonido-para-celular-incluye-mouse-pad\" \/>\n<meta property=\"og:site_name\" content=\"Carlos Diaz\" \/>\n<meta property=\"article:modified_time\" content=\"2024-01-08T01:36:13+00:00\" \/>\n<meta property=\"og:image\" content=\"https:\/\/www.carlosdiaz.mx\/wp-content\/uploads\/2020\/05\/2-scaled.jpeg\" \/>\n\t<meta property=\"og:image:width\" content=\"1920\" \/>\n\t<meta property=\"og:image:height\" content=\"2560\" \/>\n\t<meta property=\"og:image:type\" content=\"image\/jpeg\" \/>\n<meta name=\"twitter:card\" content=\"summary_large_image\" \/>\n<script type=\"application\/ld+json\" class=\"yoast-schema-graph\">{\"@context\":\"https:\/\/schema.org\",\"@graph\":[{\"@type\":\"WebPage\",\"@id\":\"https:\/\/www.carlosdiaz.mx\/?product=amplificador-de-sonido-para-celular-incluye-mouse-pad\",\"url\":\"https:\/\/www.carlosdiaz.mx\/?product=amplificador-de-sonido-para-celular-incluye-mouse-pad\",\"name\":\"Amplificador de Sonido para Celular incluye Mouse Pad - Carlos Diaz\",\"isPartOf\":{\"@id\":\"https:\/\/www.carlosdiaz.mx\/#website\"},\"datePublished\":\"2020-05-31T01:53:41+00:00\",\"dateModified\":\"2024-01-08T01:36:13+00:00\",\"description\":\"Compatible con Iphone, Samsung o cualquier marca, dale un toque especial a tu espacio y disfruta tu m\u00fasica, fabricado en chapa de encino.\",\"breadcrumb\":{\"@id\":\"https:\/\/www.carlosdiaz.mx\/?product=amplificador-de-sonido-para-celular-incluye-mouse-pad#breadcrumb\"},\"inLanguage\":\"es\",\"potentialAction\":[{\"@type\":\"ReadAction\",\"target\":[\"https:\/\/www.carlosdiaz.mx\/?product=amplificador-de-sonido-para-celular-incluye-mouse-pad\"]}]},{\"@type\":\"BreadcrumbList\",\"@id\":\"https:\/\/www.carlosdiaz.mx\/?product=amplificador-de-sonido-para-celular-incluye-mouse-pad#breadcrumb\",\"itemListElement\":[{\"@type\":\"ListItem\",\"position\":1,\"name\":\"Portada\",\"item\":\"https:\/\/www.carlosdiaz.mx\/\"},{\"@type\":\"ListItem\",\"position\":2,\"name\":\"Tienda\",\"item\":\"https:\/\/www.carlosdiaz.mx\/?page_id=1127\"},{\"@type\":\"ListItem\",\"position\":3,\"name\":\"Amplificador de Sonido para Celular incluye Mouse Pad\"}]},{\"@type\":\"WebSite\",\"@id\":\"https:\/\/www.carlosdiaz.mx\/#website\",\"url\":\"https:\/\/www.carlosdiaz.mx\/\",\"name\":\"Carlos Diaz\",\"description\":\"Productos exclusivos en fibra de vidrio\",\"potentialAction\":[{\"@type\":\"SearchAction\",\"target\":{\"@type\":\"EntryPoint\",\"urlTemplate\":\"https:\/\/www.carlosdiaz.mx\/?s={search_term_string}\"},\"query-input\":\"required name=search_term_string\"}],\"inLanguage\":\"es\"}]}<\/script>\n<!-- \/ Yoast SEO plugin. -->","yoast_head_json":{"title":"Amplificador de Sonido para Celular incluye Mouse Pad - Carlos Diaz","description":"Compatible con Iphone, Samsung o cualquier marca, dale un toque especial a tu espacio y disfruta tu m\u00fasica, fabricado en chapa de encino.","robots":{"index":"index","follow":"follow","max-snippet":"max-snippet:-1","max-image-preview":"max-image-preview:large","max-video-preview":"max-video-preview:-1"},"canonical":"https:\/\/www.carlosdiaz.mx\/?product=amplificador-de-sonido-para-celular-incluye-mouse-pad","og_locale":"es_ES","og_type":"article","og_title":"Amplificador de Sonido para Celular incluye Mouse Pad - Carlos Diaz","og_description":"Compatible con Iphone, Samsung o cualquier marca, dale un toque especial a tu espacio y disfruta tu m\u00fasica, fabricado en chapa de encino.","og_url":"https:\/\/www.carlosdiaz.mx\/?product=amplificador-de-sonido-para-celular-incluye-mouse-pad","og_site_name":"Carlos Diaz","article_modified_time":"2024-01-08T01:36:13+00:00","og_image":[{"width":1920,"height":2560,"url":"https:\/\/www.carlosdiaz.mx\/wp-content\/uploads\/2020\/05\/2-scaled.jpeg","type":"image\/jpeg"}],"twitter_card":"summary_large_image","schema":{"@context":"https:\/\/schema.org","@graph":[{"@type":"WebPage","@id":"https:\/\/www.carlosdiaz.mx\/?product=amplificador-de-sonido-para-celular-incluye-mouse-pad","url":"https:\/\/www.carlosdiaz.mx\/?product=amplificador-de-sonido-para-celular-incluye-mouse-pad","name":"Amplificador de Sonido para Celular incluye Mouse Pad - Carlos Diaz","isPartOf":{"@id":"https:\/\/www.carlosdiaz.mx\/#website"},"datePublished":"2020-05-31T01:53:41+00:00","dateModified":"2024-01-08T01:36:13+00:00","description":"Compatible con Iphone, Samsung o cualquier marca, dale un toque especial a tu espacio y disfruta tu m\u00fasica, fabricado en chapa de encino.","breadcrumb":{"@id":"https:\/\/www.carlosdiaz.mx\/?product=amplificador-de-sonido-para-celular-incluye-mouse-pad#breadcrumb"},"inLanguage":"es","potentialAction":[{"@type":"ReadAction","target":["https:\/\/www.carlosdiaz.mx\/?product=amplificador-de-sonido-para-celular-incluye-mouse-pad"]}]},{"@type":"BreadcrumbList","@id":"https:\/\/www.carlosdiaz.mx\/?product=amplificador-de-sonido-para-celular-incluye-mouse-pad#breadcrumb","itemListElement":[{"@type":"ListItem","position":1,"name":"Portada","item":"https:\/\/www.carlosdiaz.mx\/"},{"@type":"ListItem","position":2,"name":"Tienda","item":"https:\/\/www.carlosdiaz.mx\/?page_id=1127"},{"@type":"ListItem","position":3,"name":"Amplificador de Sonido para Celular incluye Mouse Pad"}]},{"@type":"WebSite","@id":"https:\/\/www.carlosdiaz.mx\/#website","url":"https:\/\/www.carlosdiaz.mx\/","name":"Carlos Diaz","description":"Productos exclusivos en fibra de vidrio","potentialAction":[{"@type":"SearchAction","target":{"@type":"EntryPoint","urlTemplate":"https:\/\/www.carlosdiaz.mx\/?s={search_term_string}"},"query-input":"required name=search_term_string"}],"inLanguage":"es"}]}},"_links":{"self":[{"href":"https:\/\/www.carlosdiaz.mx\/index.php?rest_route=\/wp\/v2\/product\/1536"}],"collection":[{"href":"https:\/\/www.carlosdiaz.mx\/index.php?rest_route=\/wp\/v2\/product"}],"about":[{"href":"https:\/\/www.carlosdiaz.mx\/index.php?rest_route=\/wp\/v2\/types\/product"}],"replies":[{"embeddable":true,"href":"https:\/\/www.carlosdiaz.mx\/index.php?rest_route=%2Fwp%2Fv2%2Fcomments&post=1536"}],"wp:featuredmedia":[{"embeddable":true,"href":"https:\/\/www.carlosdiaz.mx\/index.php?rest_route=\/wp\/v2\/media\/1537"}],"wp:attachment":[{"href":"https:\/\/www.carlosdiaz.mx\/index.php?rest_route=%2Fwp%2Fv2%2Fmedia&parent=1536"}],"wp:term":[{"taxonomy":"product_cat","embeddable":true,"href":"https:\/\/www.carlosdiaz.mx\/index.php?rest_route=%2Fwp%2Fv2%2Fproduct_cat&post=1536"},{"taxonomy":"product_tag","embeddable":true,"href":"https:\/\/www.carlosdiaz.mx\/index.php?rest_route=%2Fwp%2Fv2%2Fproduct_tag&post=1536"}],"curies":[{"name":"wp","href":"https:\/\/api.w.org\/{rel}","templated":true}]}}