{"id":1691,"date":"2020-12-04T13:19:19","date_gmt":"2020-12-04T19:19:19","guid":{"rendered":"http:\/\/www.carlosdiaz.mx\/?post_type=product&#038;p=1691"},"modified":"2024-01-07T19:36:13","modified_gmt":"2024-01-08T01:36:13","slug":"caja-jumbo-para-reparto-pizza-y-otros-productos","status":"publish","type":"product","link":"https:\/\/www.carlosdiaz.mx\/?product=caja-jumbo-para-reparto-pizza-y-otros-productos","title":{"rendered":"Caja Jumbo para Reparto Pizza y otros Productos"},"content":{"rendered":"<p>&nbsp;<\/p>\n<p>PREGUNTAS FRECUENTES:<\/p>\n<p>\u00bfC\u00f3mo se instala?<br \/>\nTiene dos placas de acero en el piso ahogadas en la fibra para que se pueda barrenar a la medida de la base de tu moto, puedes atornillarla directamente, poner omegas met\u00e1licos con tornillos pasados o colocar un para de soleras por debajo de tu parrilla y atornillar, seg\u00fan tu gusto o necesidad.<\/p>\n<p>\u00bfSe puede hacer de otros colores?<br \/>\nS\u00ed, solo que son sobre pedido y tienen un costo extra, lo ideal es ponerse en contacto directo con nosotros.<\/p>\n<p>\u00bfCu\u00e1ntos kilos soporta?<br \/>\nEsta construida con materiales de la mejor calidad, puede resistir perfectamente hasta 45 kg de carga.<\/p>\n<p>\u00bfEmiten factura?<br \/>\nSi, somos una empresa totalmente establecida y el precio publicado no incluye IVA<\/p>\n<p>\u00bfHay m\u00e1s modelos y medidas de cajas?<br \/>\nS\u00ed, te invitamos a conocer nuestras dem\u00e1s publicaciones para que conozcas los dem\u00e1s dise\u00f1os y productos.<\/p>\n<p>\u00bfEl producto es nuevo?<br \/>\nS\u00ed, totalmente, somos una empresa de gran trayectoria (comprobable) en la fabricaci\u00f3n de productos de fibra de vidrio, con 18 a\u00f1os en el mercado.<\/p>\n<p>\u00bfSe env\u00edan a domicilio?<br \/>\nS\u00ed, las enviamos a cualquier destino del Pa\u00eds por un costo que te aparece al momento de realizar tu compra en el carrito.<\/p>\n<p>\u00bfPuede tener alg\u00fan extra de costo el env\u00edo?<br \/>\nS\u00ed, en muy pocas situaciones, si tu domicilio registrado es en alg\u00fan poblado considerado como remoto para la paqueter\u00eda, el servicio de paqueter\u00eda puede generarnos un costo extra de env\u00edo.<\/p>\n","protected":false},"excerpt":{"rendered":"<p>Caja Jumbo para Reparto de Pizza o Mercanc\u00edas, la mejor calidad!!!<\/p>\n<p>Caben perfecto las cajas de pizza grande o art\u00edculos de gran vol\u00famen.<\/p>\n<p>Medidas: 60cm frente, 60cm fondo, 47cm alto.<\/p>\n<p>Fabricadas en colchoneta de fibra de fibra de vidrio y resina de alta resistencia, con aditivo UV , capa exterior en Gelcoat Blanco con Bi\u00f3xido de Titanio para que duren impecables por mucho tiempo.<\/p>\n<p>Tienen puerta con chapa para mayor seguridad y bisagras galvanizadas para evitar la corrosi\u00f3n.<\/p>\n<p>Tienen piso con placa met\u00e1lica ahogada en capa de refuerzo de fibra de vidrio para que la barrenes y fijes a cualquier moto de forma segura y resistente.<\/p>\n<p>Somos fabricantes 18 a\u00f1os de experiencia.<\/p>\n<p>Con gusto te asesoramos para que la instales en tu motocicleta.<\/p>\n<p>Cualquier duda estamos a tus \u00f3rdenes!!<\/p>\n<p>&nbsp;<\/p>\n","protected":false},"featured_media":1694,"comment_status":"open","ping_status":"closed","template":"","meta":{"_joinchat":[]},"product_cat":[92],"product_tag":[98],"acf":[],"yoast_head":"<!-- This site is optimized with the Yoast SEO plugin v21.7 - https:\/\/yoast.com\/wordpress\/plugins\/seo\/ -->\n<title>Caja Jumbo para Reparto Pizza y otros Productos - Carlos Diaz<\/title>\n<meta name=\"description\" content=\"Caja Jumbo para reparto de Pizza y otros productos,chapa con llave, piso reforzado con placas met\u00e1licas para instalar en cualquier tipo de motocicleta.\" \/>\n<meta name=\"robots\" content=\"index, follow, max-snippet:-1, max-image-preview:large, max-video-preview:-1\" \/>\n<link rel=\"canonical\" href=\"https:\/\/www.carlosdiaz.mx\/?product=caja-jumbo-para-reparto-pizza-y-otros-productos\" \/>\n<meta property=\"og:locale\" content=\"es_ES\" \/>\n<meta property=\"og:type\" content=\"article\" \/>\n<meta property=\"og:title\" content=\"Caja Jumbo para Reparto Pizza y otros Productos - Carlos Diaz\" \/>\n<meta property=\"og:description\" content=\"Caja Jumbo para reparto de Pizza y otros productos,chapa con llave, piso reforzado con placas met\u00e1licas para instalar en cualquier tipo de motocicleta.\" \/>\n<meta property=\"og:url\" content=\"https:\/\/www.carlosdiaz.mx\/?product=caja-jumbo-para-reparto-pizza-y-otros-productos\" \/>\n<meta property=\"og:site_name\" content=\"Carlos Diaz\" \/>\n<meta property=\"article:modified_time\" content=\"2024-01-08T01:36:13+00:00\" \/>\n<meta property=\"og:image\" content=\"https:\/\/www.carlosdiaz.mx\/wp-content\/uploads\/2020\/12\/PIZZA1.jpg\" \/>\n\t<meta property=\"og:image:width\" content=\"1024\" \/>\n\t<meta property=\"og:image:height\" content=\"1024\" \/>\n\t<meta property=\"og:image:type\" content=\"image\/jpeg\" \/>\n<meta name=\"twitter:card\" content=\"summary_large_image\" \/>\n<meta name=\"twitter:label1\" content=\"Tiempo de lectura\" \/>\n\t<meta name=\"twitter:data1\" content=\"1 minuto\" \/>\n<script type=\"application\/ld+json\" class=\"yoast-schema-graph\">{\"@context\":\"https:\/\/schema.org\",\"@graph\":[{\"@type\":\"WebPage\",\"@id\":\"https:\/\/www.carlosdiaz.mx\/?product=caja-jumbo-para-reparto-pizza-y-otros-productos\",\"url\":\"https:\/\/www.carlosdiaz.mx\/?product=caja-jumbo-para-reparto-pizza-y-otros-productos\",\"name\":\"Caja Jumbo para Reparto Pizza y otros Productos - Carlos Diaz\",\"isPartOf\":{\"@id\":\"https:\/\/www.carlosdiaz.mx\/#website\"},\"datePublished\":\"2020-12-04T19:19:19+00:00\",\"dateModified\":\"2024-01-08T01:36:13+00:00\",\"description\":\"Caja Jumbo para reparto de Pizza y otros productos,chapa con llave, piso reforzado con placas met\u00e1licas para instalar en cualquier tipo de motocicleta.\",\"breadcrumb\":{\"@id\":\"https:\/\/www.carlosdiaz.mx\/?product=caja-jumbo-para-reparto-pizza-y-otros-productos#breadcrumb\"},\"inLanguage\":\"es\",\"potentialAction\":[{\"@type\":\"ReadAction\",\"target\":[\"https:\/\/www.carlosdiaz.mx\/?product=caja-jumbo-para-reparto-pizza-y-otros-productos\"]}]},{\"@type\":\"BreadcrumbList\",\"@id\":\"https:\/\/www.carlosdiaz.mx\/?product=caja-jumbo-para-reparto-pizza-y-otros-productos#breadcrumb\",\"itemListElement\":[{\"@type\":\"ListItem\",\"position\":1,\"name\":\"Portada\",\"item\":\"https:\/\/www.carlosdiaz.mx\/\"},{\"@type\":\"ListItem\",\"position\":2,\"name\":\"Tienda\",\"item\":\"https:\/\/www.carlosdiaz.mx\/?page_id=1127\"},{\"@type\":\"ListItem\",\"position\":3,\"name\":\"Caja Jumbo para Reparto Pizza y otros Productos\"}]},{\"@type\":\"WebSite\",\"@id\":\"https:\/\/www.carlosdiaz.mx\/#website\",\"url\":\"https:\/\/www.carlosdiaz.mx\/\",\"name\":\"Carlos Diaz\",\"description\":\"Productos exclusivos en fibra de vidrio\",\"potentialAction\":[{\"@type\":\"SearchAction\",\"target\":{\"@type\":\"EntryPoint\",\"urlTemplate\":\"https:\/\/www.carlosdiaz.mx\/?s={search_term_string}\"},\"query-input\":\"required name=search_term_string\"}],\"inLanguage\":\"es\"}]}<\/script>\n<!-- \/ Yoast SEO plugin. -->","yoast_head_json":{"title":"Caja Jumbo para Reparto Pizza y otros Productos - Carlos Diaz","description":"Caja Jumbo para reparto de Pizza y otros productos,chapa con llave, piso reforzado con placas met\u00e1licas para instalar en cualquier tipo de motocicleta.","robots":{"index":"index","follow":"follow","max-snippet":"max-snippet:-1","max-image-preview":"max-image-preview:large","max-video-preview":"max-video-preview:-1"},"canonical":"https:\/\/www.carlosdiaz.mx\/?product=caja-jumbo-para-reparto-pizza-y-otros-productos","og_locale":"es_ES","og_type":"article","og_title":"Caja Jumbo para Reparto Pizza y otros Productos - Carlos Diaz","og_description":"Caja Jumbo para reparto de Pizza y otros productos,chapa con llave, piso reforzado con placas met\u00e1licas para instalar en cualquier tipo de motocicleta.","og_url":"https:\/\/www.carlosdiaz.mx\/?product=caja-jumbo-para-reparto-pizza-y-otros-productos","og_site_name":"Carlos Diaz","article_modified_time":"2024-01-08T01:36:13+00:00","og_image":[{"width":1024,"height":1024,"url":"https:\/\/www.carlosdiaz.mx\/wp-content\/uploads\/2020\/12\/PIZZA1.jpg","type":"image\/jpeg"}],"twitter_card":"summary_large_image","twitter_misc":{"Tiempo de lectura":"1 minuto"},"schema":{"@context":"https:\/\/schema.org","@graph":[{"@type":"WebPage","@id":"https:\/\/www.carlosdiaz.mx\/?product=caja-jumbo-para-reparto-pizza-y-otros-productos","url":"https:\/\/www.carlosdiaz.mx\/?product=caja-jumbo-para-reparto-pizza-y-otros-productos","name":"Caja Jumbo para Reparto Pizza y otros Productos - Carlos Diaz","isPartOf":{"@id":"https:\/\/www.carlosdiaz.mx\/#website"},"datePublished":"2020-12-04T19:19:19+00:00","dateModified":"2024-01-08T01:36:13+00:00","description":"Caja Jumbo para reparto de Pizza y otros productos,chapa con llave, piso reforzado con placas met\u00e1licas para instalar en cualquier tipo de motocicleta.","breadcrumb":{"@id":"https:\/\/www.carlosdiaz.mx\/?product=caja-jumbo-para-reparto-pizza-y-otros-productos#breadcrumb"},"inLanguage":"es","potentialAction":[{"@type":"ReadAction","target":["https:\/\/www.carlosdiaz.mx\/?product=caja-jumbo-para-reparto-pizza-y-otros-productos"]}]},{"@type":"BreadcrumbList","@id":"https:\/\/www.carlosdiaz.mx\/?product=caja-jumbo-para-reparto-pizza-y-otros-productos#breadcrumb","itemListElement":[{"@type":"ListItem","position":1,"name":"Portada","item":"https:\/\/www.carlosdiaz.mx\/"},{"@type":"ListItem","position":2,"name":"Tienda","item":"https:\/\/www.carlosdiaz.mx\/?page_id=1127"},{"@type":"ListItem","position":3,"name":"Caja Jumbo para Reparto Pizza y otros Productos"}]},{"@type":"WebSite","@id":"https:\/\/www.carlosdiaz.mx\/#website","url":"https:\/\/www.carlosdiaz.mx\/","name":"Carlos Diaz","description":"Productos exclusivos en fibra de vidrio","potentialAction":[{"@type":"SearchAction","target":{"@type":"EntryPoint","urlTemplate":"https:\/\/www.carlosdiaz.mx\/?s={search_term_string}"},"query-input":"required name=search_term_string"}],"inLanguage":"es"}]}},"_links":{"self":[{"href":"https:\/\/www.carlosdiaz.mx\/index.php?rest_route=\/wp\/v2\/product\/1691"}],"collection":[{"href":"https:\/\/www.carlosdiaz.mx\/index.php?rest_route=\/wp\/v2\/product"}],"about":[{"href":"https:\/\/www.carlosdiaz.mx\/index.php?rest_route=\/wp\/v2\/types\/product"}],"replies":[{"embeddable":true,"href":"https:\/\/www.carlosdiaz.mx\/index.php?rest_route=%2Fwp%2Fv2%2Fcomments&post=1691"}],"wp:featuredmedia":[{"embeddable":true,"href":"https:\/\/www.carlosdiaz.mx\/index.php?rest_route=\/wp\/v2\/media\/1694"}],"wp:attachment":[{"href":"https:\/\/www.carlosdiaz.mx\/index.php?rest_route=%2Fwp%2Fv2%2Fmedia&parent=1691"}],"wp:term":[{"taxonomy":"product_cat","embeddable":true,"href":"https:\/\/www.carlosdiaz.mx\/index.php?rest_route=%2Fwp%2Fv2%2Fproduct_cat&post=1691"},{"taxonomy":"product_tag","embeddable":true,"href":"https:\/\/www.carlosdiaz.mx\/index.php?rest_route=%2Fwp%2Fv2%2Fproduct_tag&post=1691"}],"curies":[{"name":"wp","href":"https:\/\/api.w.org\/{rel}","templated":true}]}}