{"id":1881,"date":"2022-09-06T13:06:04","date_gmt":"2022-09-06T19:06:04","guid":{"rendered":"http:\/\/www.carlosdiaz.mx\/?post_type=product&#038;p=1881"},"modified":"2024-01-07T19:36:12","modified_gmt":"2024-01-08T01:36:12","slug":"caja-para-reparto-en-motocicleta-negro-tamano-jumbo","status":"publish","type":"product","link":"https:\/\/www.carlosdiaz.mx\/?product=caja-para-reparto-en-motocicleta-negro-tamano-jumbo","title":{"rendered":"Caja para Reparto en Motocicleta Negro Tama\u00f1o Jumbo"},"content":{"rendered":"<p>PREGUNTAS FRECUENTES:<\/p>\n<p>\u00bfC\u00f3mo se instala?<br \/>\nTiene dos placas de acero en el piso ahogadas en la fibra para que se pueda barrenar a la medida de la base de tu moto, puedes atornillarla directamente, poner omegas met\u00e1licos con tornillos pasados o colocar un para de soleras por debajo de tu parrilla y atornillar, seg\u00fan tu gusto o necesidad.<\/p>\n<p>\u00bfSe puede hacer de otros colores?<br \/>\nS\u00ed, solo que son sobre pedido y tienen un costo extra, lo ideal es ponerse en contacto directo con nosotros.<\/p>\n<p>\u00bfCu\u00e1ntos kilos soporta?<br \/>\nEsta construida con materiales de la mejor calidad, puede resistir perfectamente hasta 45 kg de carga.<\/p>\n<p>\u00bfEmiten factura?<br \/>\nSi, somos una empresa totalmente establecida y el precio publicado no incluye IVA<\/p>\n<p>\u00bfHay m\u00e1s modelos y medidas de cajas?<br \/>\nS\u00ed, te invitamos a conocer nuestras dem\u00e1s publicaciones para que conozcas los dem\u00e1s dise\u00f1os y productos.<\/p>\n<p>\u00bfEl producto es nuevo?<br \/>\nS\u00ed, totalmente, somos una empresa de gran trayectoria (comprobable) en la fabricaci\u00f3n de productos de fibra de vidrio, con 18 a\u00f1os en el mercado.<\/p>\n<p>\u00bfSe env\u00edan a domicilio?<br \/>\nS\u00ed, las enviamos a cualquier destino del Pa\u00eds por un costo que te aparece al momento de realizar tu compra en el carrito.<\/p>\n<p>\u00bfPuede tener alg\u00fan extra de costo el env\u00edo?<br \/>\nS\u00ed, en muy pocas situaciones, si tu domicilio registrado es en alg\u00fan poblado considerado como remoto para la paqueter\u00eda, el servicio de paqueter\u00eda puede generarnos un costo extra de env\u00edo.<\/p>\n","protected":false},"excerpt":{"rendered":"<p>Caja Grande de Reparto de la mejor calidad!!!<\/p>\n<p>Color Negro o colores especiales (Solo se hacen sobre Pedido)<\/p>\n<p>Fabricada en colchoneta de fibra de fibra de vidrio y resina de alta resistencia, con aditivo UV , capa exterior en Gelcoat Blanco con Bi\u00f3xido de Titanio para que duren impecables por mucho tiempo.<\/p>\n<p>Tienen piso con placa met\u00e1lica ahogada en capa de refuerzo de fibra de vidrio para que la barrenes y fijes a cualquier modelo de moto de forma segura y resistente.<\/p>\n<p>Medidas: .64cm de Largo X .42cm de Ancho X .40cm de Alto<\/p>\n<p>Porta candado y bisagras galvanizadas de excelente resistencia a la corrosi\u00f3n.<\/p>\n<p>18 a\u00f1os fabricando piezas y dise\u00f1os de alta calidad en fibra de vidrio a nivel nacional e internacional nos respaldan.<\/p>\n<p>Podemos realizar dise\u00f1os especiales para marcas o flotillas de empresas, con terminados finales con rotulado digital.<\/p>\n<p>Cualquier duda estamos a tus \u00f3rdenes!!<\/p>\n","protected":false},"featured_media":1763,"comment_status":"open","ping_status":"closed","template":"","meta":{"_joinchat":[]},"product_cat":[92],"product_tag":[93],"acf":[],"yoast_head":"<!-- This site is optimized with the Yoast SEO plugin v21.7 - https:\/\/yoast.com\/wordpress\/plugins\/seo\/ -->\n<title>Caja para Reparto en Motocicleta Negro Tama\u00f1o Jumbo - Carlos Diaz<\/title>\n<meta name=\"description\" content=\"Caja para reparto en motocicleta, reforzada y de gran capacidad, fabricada en fibra de vidrio, compatible con cualquier modelo o marca.\" \/>\n<meta name=\"robots\" content=\"index, follow, max-snippet:-1, max-image-preview:large, max-video-preview:-1\" \/>\n<link rel=\"canonical\" href=\"https:\/\/www.carlosdiaz.mx\/?product=caja-para-reparto-en-motocicleta-negro-tamano-jumbo\" \/>\n<meta property=\"og:locale\" content=\"es_ES\" \/>\n<meta property=\"og:type\" content=\"article\" \/>\n<meta property=\"og:title\" content=\"Caja para Reparto en Motocicleta Negro Tama\u00f1o Jumbo - Carlos Diaz\" \/>\n<meta property=\"og:description\" content=\"Caja para reparto en motocicleta, reforzada y de gran capacidad, fabricada en fibra de vidrio, compatible con cualquier modelo o marca.\" \/>\n<meta property=\"og:url\" content=\"https:\/\/www.carlosdiaz.mx\/?product=caja-para-reparto-en-motocicleta-negro-tamano-jumbo\" \/>\n<meta property=\"og:site_name\" content=\"Carlos Diaz\" \/>\n<meta property=\"article:modified_time\" content=\"2024-01-08T01:36:12+00:00\" \/>\n<meta property=\"og:image\" content=\"https:\/\/www.carlosdiaz.mx\/wp-content\/uploads\/2020\/08\/NEGRA-JUMBO1.jpg\" \/>\n\t<meta property=\"og:image:width\" content=\"1280\" \/>\n\t<meta property=\"og:image:height\" content=\"960\" \/>\n\t<meta property=\"og:image:type\" content=\"image\/jpeg\" \/>\n<meta name=\"twitter:card\" content=\"summary_large_image\" \/>\n<meta name=\"twitter:label1\" content=\"Tiempo de lectura\" \/>\n\t<meta name=\"twitter:data1\" content=\"1 minuto\" \/>\n<script type=\"application\/ld+json\" class=\"yoast-schema-graph\">{\"@context\":\"https:\/\/schema.org\",\"@graph\":[{\"@type\":\"WebPage\",\"@id\":\"https:\/\/www.carlosdiaz.mx\/?product=caja-para-reparto-en-motocicleta-negro-tamano-jumbo\",\"url\":\"https:\/\/www.carlosdiaz.mx\/?product=caja-para-reparto-en-motocicleta-negro-tamano-jumbo\",\"name\":\"Caja para Reparto en Motocicleta Negro Tama\u00f1o Jumbo - Carlos Diaz\",\"isPartOf\":{\"@id\":\"https:\/\/www.carlosdiaz.mx\/#website\"},\"datePublished\":\"2022-09-06T19:06:04+00:00\",\"dateModified\":\"2024-01-08T01:36:12+00:00\",\"description\":\"Caja para reparto en motocicleta, reforzada y de gran capacidad, fabricada en fibra de vidrio, compatible con cualquier modelo o marca.\",\"breadcrumb\":{\"@id\":\"https:\/\/www.carlosdiaz.mx\/?product=caja-para-reparto-en-motocicleta-negro-tamano-jumbo#breadcrumb\"},\"inLanguage\":\"es\",\"potentialAction\":[{\"@type\":\"ReadAction\",\"target\":[\"https:\/\/www.carlosdiaz.mx\/?product=caja-para-reparto-en-motocicleta-negro-tamano-jumbo\"]}]},{\"@type\":\"BreadcrumbList\",\"@id\":\"https:\/\/www.carlosdiaz.mx\/?product=caja-para-reparto-en-motocicleta-negro-tamano-jumbo#breadcrumb\",\"itemListElement\":[{\"@type\":\"ListItem\",\"position\":1,\"name\":\"Portada\",\"item\":\"https:\/\/www.carlosdiaz.mx\/\"},{\"@type\":\"ListItem\",\"position\":2,\"name\":\"Tienda\",\"item\":\"https:\/\/www.carlosdiaz.mx\/?page_id=1127\"},{\"@type\":\"ListItem\",\"position\":3,\"name\":\"Caja para Reparto en Motocicleta Negro Tama\u00f1o Jumbo\"}]},{\"@type\":\"WebSite\",\"@id\":\"https:\/\/www.carlosdiaz.mx\/#website\",\"url\":\"https:\/\/www.carlosdiaz.mx\/\",\"name\":\"Carlos Diaz\",\"description\":\"Productos exclusivos en fibra de vidrio\",\"potentialAction\":[{\"@type\":\"SearchAction\",\"target\":{\"@type\":\"EntryPoint\",\"urlTemplate\":\"https:\/\/www.carlosdiaz.mx\/?s={search_term_string}\"},\"query-input\":\"required name=search_term_string\"}],\"inLanguage\":\"es\"}]}<\/script>\n<!-- \/ Yoast SEO plugin. -->","yoast_head_json":{"title":"Caja para Reparto en Motocicleta Negro Tama\u00f1o Jumbo - Carlos Diaz","description":"Caja para reparto en motocicleta, reforzada y de gran capacidad, fabricada en fibra de vidrio, compatible con cualquier modelo o marca.","robots":{"index":"index","follow":"follow","max-snippet":"max-snippet:-1","max-image-preview":"max-image-preview:large","max-video-preview":"max-video-preview:-1"},"canonical":"https:\/\/www.carlosdiaz.mx\/?product=caja-para-reparto-en-motocicleta-negro-tamano-jumbo","og_locale":"es_ES","og_type":"article","og_title":"Caja para Reparto en Motocicleta Negro Tama\u00f1o Jumbo - Carlos Diaz","og_description":"Caja para reparto en motocicleta, reforzada y de gran capacidad, fabricada en fibra de vidrio, compatible con cualquier modelo o marca.","og_url":"https:\/\/www.carlosdiaz.mx\/?product=caja-para-reparto-en-motocicleta-negro-tamano-jumbo","og_site_name":"Carlos Diaz","article_modified_time":"2024-01-08T01:36:12+00:00","og_image":[{"width":1280,"height":960,"url":"https:\/\/www.carlosdiaz.mx\/wp-content\/uploads\/2020\/08\/NEGRA-JUMBO1.jpg","type":"image\/jpeg"}],"twitter_card":"summary_large_image","twitter_misc":{"Tiempo de lectura":"1 minuto"},"schema":{"@context":"https:\/\/schema.org","@graph":[{"@type":"WebPage","@id":"https:\/\/www.carlosdiaz.mx\/?product=caja-para-reparto-en-motocicleta-negro-tamano-jumbo","url":"https:\/\/www.carlosdiaz.mx\/?product=caja-para-reparto-en-motocicleta-negro-tamano-jumbo","name":"Caja para Reparto en Motocicleta Negro Tama\u00f1o Jumbo - Carlos Diaz","isPartOf":{"@id":"https:\/\/www.carlosdiaz.mx\/#website"},"datePublished":"2022-09-06T19:06:04+00:00","dateModified":"2024-01-08T01:36:12+00:00","description":"Caja para reparto en motocicleta, reforzada y de gran capacidad, fabricada en fibra de vidrio, compatible con cualquier modelo o marca.","breadcrumb":{"@id":"https:\/\/www.carlosdiaz.mx\/?product=caja-para-reparto-en-motocicleta-negro-tamano-jumbo#breadcrumb"},"inLanguage":"es","potentialAction":[{"@type":"ReadAction","target":["https:\/\/www.carlosdiaz.mx\/?product=caja-para-reparto-en-motocicleta-negro-tamano-jumbo"]}]},{"@type":"BreadcrumbList","@id":"https:\/\/www.carlosdiaz.mx\/?product=caja-para-reparto-en-motocicleta-negro-tamano-jumbo#breadcrumb","itemListElement":[{"@type":"ListItem","position":1,"name":"Portada","item":"https:\/\/www.carlosdiaz.mx\/"},{"@type":"ListItem","position":2,"name":"Tienda","item":"https:\/\/www.carlosdiaz.mx\/?page_id=1127"},{"@type":"ListItem","position":3,"name":"Caja para Reparto en Motocicleta Negro Tama\u00f1o Jumbo"}]},{"@type":"WebSite","@id":"https:\/\/www.carlosdiaz.mx\/#website","url":"https:\/\/www.carlosdiaz.mx\/","name":"Carlos Diaz","description":"Productos exclusivos en fibra de vidrio","potentialAction":[{"@type":"SearchAction","target":{"@type":"EntryPoint","urlTemplate":"https:\/\/www.carlosdiaz.mx\/?s={search_term_string}"},"query-input":"required name=search_term_string"}],"inLanguage":"es"}]}},"_links":{"self":[{"href":"https:\/\/www.carlosdiaz.mx\/index.php?rest_route=\/wp\/v2\/product\/1881"}],"collection":[{"href":"https:\/\/www.carlosdiaz.mx\/index.php?rest_route=\/wp\/v2\/product"}],"about":[{"href":"https:\/\/www.carlosdiaz.mx\/index.php?rest_route=\/wp\/v2\/types\/product"}],"replies":[{"embeddable":true,"href":"https:\/\/www.carlosdiaz.mx\/index.php?rest_route=%2Fwp%2Fv2%2Fcomments&post=1881"}],"wp:featuredmedia":[{"embeddable":true,"href":"https:\/\/www.carlosdiaz.mx\/index.php?rest_route=\/wp\/v2\/media\/1763"}],"wp:attachment":[{"href":"https:\/\/www.carlosdiaz.mx\/index.php?rest_route=%2Fwp%2Fv2%2Fmedia&parent=1881"}],"wp:term":[{"taxonomy":"product_cat","embeddable":true,"href":"https:\/\/www.carlosdiaz.mx\/index.php?rest_route=%2Fwp%2Fv2%2Fproduct_cat&post=1881"},{"taxonomy":"product_tag","embeddable":true,"href":"https:\/\/www.carlosdiaz.mx\/index.php?rest_route=%2Fwp%2Fv2%2Fproduct_tag&post=1881"}],"curies":[{"name":"wp","href":"https:\/\/api.w.org\/{rel}","templated":true}]}}